{"id":362,"date":"2026-05-04T22:23:54","date_gmt":"2026-05-04T20:23:54","guid":{"rendered":"https:\/\/doginn.pl\/?page_id=362"},"modified":"2026-05-05T14:48:09","modified_gmt":"2026-05-05T12:48:09","slug":"wazne","status":"publish","type":"page","link":"https:\/\/doginn.pl\/","title":{"rendered":"Wa\u017cne"},"content":{"rendered":"\n<p class=\"wp-block-paragraph\">Pocz\u0105tek 2026 przyni\u00f3s\u0142 wiele zmian.<\/p>\n\n\n\n<p class=\"wp-block-paragraph\">Z przyczyn osobistych przez pierwsze miesi\u0105ce roku oferowa\u0142am opiek\u0119 tylko moim sta\u0142ym bezdomniakom. <\/p>\n\n\n\n<p class=\"wp-block-paragraph\">Od maja wracam do pracy, ale w bardzo ograniczonym zakresie. Nie b\u0119d\u0119 ju\u017c pracowa\u0107 365 dni w roku. Poni\u017cej znajd\u0105 Pa\u0144stwo kalendarz pokazuj\u0105cy daty, w kt\u00f3rych hotel jest nieczynny, terminy niedost\u0119pne, czyli dni w kt\u00f3re nie ma wizyt, przyjazd\u00f3w i wyjazd\u00f3w oraz okresy wysokiego sezonu.<\/p>\n\n\n\n<p class=\"wp-block-paragraph\">Nie b\u0119d\u0119 si\u0119 te\u017c ju\u017c opiekowa\u0107 pi\u0119cioma grupami spacerowymi na raz tylko dwiema. Co powoduje, zmniejszenie liczby go\u015bci. Prosz\u0119 wi\u0119c z wyprzedzeniem pyta\u0107 o dost\u0119pno\u015b\u0107 termin\u00f3w. <\/p>\n\n\n\n<p class=\"wp-block-paragraph\">Szanuj\u0105c r\u00f3wnie\u017c Pa\u0144stwa i m\u00f3j czas zastrzegam, \u017ce przyjmuj\u0119 teraz tylko psy towarzyskie. Zsocjalizowane z innymi psami i lubi\u0105ce ich towarzystwo.<\/p>\n\n\n<div class=\"wp-block-hycal-calendar\">\n  \n  <div id='hycal-5c84b9a3f4ca94134c3fd4dfe2e75eb30109ff66e874caa77bf7ef2b7324c4ba' class='hydrogen-calendar-embeds hycal-container'>loading&#8230;<\/div>\n  <\/div>","protected":false},"excerpt":{"rendered":"<p>Pocz\u0105tek 2026 przyni\u00f3s\u0142 wiele zmian. Z przyczyn osobistych przez pierwsze miesi\u0105ce roku oferowa\u0142am opiek\u0119 tylko moim sta\u0142ym bezdomniakom. Od maja wracam do pracy, ale w bardzo ograniczonym zakresie. Nie b\u0119d\u0119 ju\u017c pracowa\u0107 365 dni w roku. Poni\u017cej znajd\u0105 Pa\u0144stwo kalendarz pokazuj\u0105cy daty, w kt\u00f3rych hotel jest nieczynny, terminy niedost\u0119pne, czyli dni w kt\u00f3re nie ma [&hellip;]<\/p>\n","protected":false},"author":1,"featured_media":0,"parent":0,"menu_order":0,"comment_status":"closed","ping_status":"closed","template":"","meta":{"_crdt_document":"{\"document\":\"AACqBNLIuYYeJ7bTwokQ0ur80gQA0si5hh4Co+XPxw3SyLmGHgDj5c\/HDRbSyLmGHgHj5c\/HDQXS6vzSBACj5c\/HDZLq\/NIEo+XPxw2S6vzSBKPlz8cNkur80gSj5c\/HDZLq\/NIEo+XPxw2S6vzSBKPlz8cNkur80gSj5c\/HDZLq\/NIEo+XPxw2S6vzSBKPlz8cNkur80gSj5c\/HDZLq\/NIEo+XPxw2S6vzSBKPlz8cNkur80gSj5c\/HDZLq\/NIEo+XPxw2S6vzSBKPlz8cNkur80gSj5c\/HDZLq\/NIEo+XPxw2S6vzSBKPlz8cNkur80gSj5c\/HDZLq\/NIEo+XPxw2S6vzSBKPlz8cNkur80gSj5c\/HDZLq\/NIEo+XPxw2S6vzSBKPlz8cNkur80gSj5c\/HDZLq\/NIEo+XPxw2S6vzSBKPlz8cNkur80gSj5c\/HDZLq\/NIEo+XPxw2S6vzSBKPlz8cNkur80gSj5c\/HDZLq\/NIEo+XPxw2S6vzSBKPlz8cNkur80gSj5c\/HDZLq\/NIEo+XPxw2S6vzSBKPlz8cNkur80gSj5c\/HDZLq\/NIEo+XPxw2S6vzSBKPlz8cNkur80gSj5c\/HDdLq\/NIEAePlz8cNHtLIuYYeAJLq\/NIEksi5hh6j5c\/HDdLq\/NIECaPlz8cN0ur80gQL0si5hh4Ckur80gSSyLmGHtLq\/NIEEqPlz8cN0ur80gQJ4+XPxw0e0si5hh4A4+XPxw0A4QEIDLICvAOGA7IDBQACDBCaAagFAQQQAgECCgJCSgCaAQECCgKKA8wDSvwE2AQIqAekAcoXAQEIAEgCBAIBDLoCjhLsEwLSAZABApgaxhUGAwAIAgYDAAQKAwAEAgoDAAYCCAIKAgQCBgQCBAMBCAIGAgoCCIYa6hwIGgwCBgwCCBYGCgYEFAyiBpQHzBcBAgoChgPIA0oArg0BAgoCsgMknAH0BUpG6AaGA7oR7AKuBBAGAgYCBhR6OvwCpAfyAsQTuhcBAgoCQkrEAuocCBoMAgYMAggWBgoGBBQMogbCCQJKlBLYBAj8Ct4BApgaASakB+ocCBoMAgYMAggWBgoGBBQMogb4DwCAB4YDALwTOvwCALwC\/B6kI+ocCBoMAgYMAggWBgoGBBQMogb5ASgDJwAEACcABACEAoEAhACBAIQAgQCEAScAKAQnACgCIQAoAicABwAoAycBBAAoACcAhwAoAycBBACBACgAJwAhAMQCIQCoAIcAIQAoACEAJwAhAScAqAEhACgNxACEAqgAxAEhAcQAwQDEAcEAxADBAMQAwQDEAMEAxAHBAMQAwQDEAcEAxADBAMQAwQDEAMEAxADBAMQAwQDEAMEAxAHBAMQAwQDEAMEAxADBAMQAwREhAMcAKAMnAQQAgQAoACcAxwAoAycBBACEAYEAKAAnAIQAxAKEAYEAhACBAIQAgQCEAcQCwQDEAMcAKAMnAQQAKAAnAMQRqPgYwBdzdGF0ZXZlcnNpb25kb2N1bWVudGRhdGVkb2N1bWVudHNsdWdkb2N1bWVudHN0YXR1c2RvY3VtZW50dGl0bGVXYcW8bmVkb2N1bWVudGNvbnRlbnQ8IS0tIHdwOnBhcmFncmFwaCAtLT4KPHA+UG9jesSFdGVrIDIwMjYgcHJ6eW5pw7NzxYIgd2llbGUgem1pYW4uPC9wPgo8IS0tIC93cDpwYXJhZ3JhcGggLS0+CjwhLS0gd3A6cGFyYWdyYXBoIC0tPgo8cD5aIHByenljenluIG9zb2Jpc3R5Y2ggcHJ6ZXogcGllcndzemUgbWllc2nEhWNlIHJva3Ugb2Zlcm93YcWCYW0gb3BpZWvEmSB0eWxrbyBtb2ltIHN0YcWCeW0gYmV6ZG9tbmlha29tLiBPZCBtYWphIHdyYWNhbSBkbyBwcmFjeSwgYWxlIHcgYmFyZHpvIG9ncmFuaWN6b255bSB6YWtyZXNpZS4gTmllIGLEmWTEmSBqdcW8IHByYWNvd2HEhyAzNjUgZG5pIHcgcm9rdS4gTmllIGLEmWTEmSBzacSZIHRlxbwganXFvCBvcGlla293YcSHIHBpxJljaW9tYSBncnVwYW1pIHNwYWNlcm93eW1pIG5hIHJheiB0eWxrbyBkd2llbWEuIENvIHBvd29kdWplLCB6bW5pZWpzemVuaWUgbGljemJ5IGdvxZtjaS4gc3ogd2nEmWMgeiB3eXByemVkemVuaWVtIHB5dGHEhyBvIGRvc3TEmXBub8WbxIcgdGVybWluw7N3LiBTemFudWrEhWMgcsOzd25pZcW8IFBhxYRzdHdhIGkgbcOzaiBjemFzIHphc3RyemVnYW0sIMW8ZSBwcnp5am11asSZIHRlcmF6IHR5bGtvIHBzeSB0b3dhcnp5c2tpZS4gWnNvY2phbGl6b3dhbmUgeiBpbm55bWkgcHNhbWkgaSBsdWJpxIVjZSBpY2ggdG93YXJ6eXN0d28uPC9wPgo8IS0tIC93cDpwYXJhZ3JhcGggLS0+ZG9jdW1lbnRleGNlcnB0ZG9jdW1lbnRhdXRob3Jkb2N1bWVudGZlYXR1cmVkX21lZGlhZG9jdW1lbnRjb21tZW50X3N0YXR1c2RvY3VtZW50cGluZ19zdGF0dXNkb2N1bWVudHRlbXBsYXRlZG9jdW1lbnRtZXRhX3JlZ3VsYXJfcHJpY2VjdXJyZW5jeV9zeW1ib2xmb290bm90ZXNfZWxlbWVudG9yX2VkaXRfbW9kZV9lbGVtZW50b3JfdGVtcGxhdGVfdHlwZV9lbGVtZW50b3JfZGF0YV9lbGVtZW50b3JfcGFnZV9zZXR0aW5nc2RvY3VtZW50YmxvY2tzY2xpZW50SWRpc1ZhbGlkb3JpZ2luYWxDb250ZW50bmFtZWF0dHJpYnV0ZXNjb250ZW50UG9jesSFdGVrIDIwMjYgcHJ6eW5pw7NzxYIgd2llbGUgem1pYW4uZHJvcENhcGlubmVyQmxvY2tzY2xpZW50SWRpc1ZhbGlkb3JpZ2luYWxDb250ZW50bmFtZWF0dHJpYnV0ZXNjb250ZW50WiBwcnp5Y3p5biBvc29iaXN0eWNoIHByemV6IHBpZXJ3c3plIG1pZXNpxIVjZSByb2t1IG9mZXJvd2HFgmFtIG9waWVrxJkgdHlsa28gbW9pbSBzdGHFgnltIGJlemRvbW5pYWtvbS4gZHJvcENhcGlubmVyQmxvY2tzc3RhdGV2ZXJzaW9uUHJvc3rEmSB3acSZY1Byb8SZc3RhdGV2ZXJzaW9uY2xpZW50SWRpc1ZhbGlkbmFtZWF0dHJpYnV0ZXNjb250ZW50ZHJvcENhcGlubmVyQmxvY2tzaWNzY2FsSWRzbG9jYWxlY3VzdG9tTGlzdEJ1dHRvbmN1c3RvbURheXN2aWV3c2luaXRpYWxWaWV3ZW5mb3JjZUxpc3R2aWV3T25Nb2JpbGVtb2JpbGVCcmVha3BvaW50c2hvd1RvZGF5QnV0dG9uc2hvd0xvdmVzaG93VGl0bGV1c2VUb29sdGlwaGlkZVBhc3RmY0FyZ3MKCgo8IS0tIHdwOmh5Y2FsL2NhbGVuZGFyIC8tLT57ImljcyI6Imh0dHBzOi9jYWxlbmRhci5nb29nbGUuY29tL2NhbGVuZGFyL2ljYWwvZWM1YmFhZTI2OGU2MzkxM2JkODc5MWE1ZmZhZjk3OWZiZjgwNWM0YmY4ZDY3OTQ0YmQ5NGFhZmRjZjM5NGYxMyU0MGdyb3VwLmNhbGVuZGFyLmdvb2dsZS5jb20vcHVibGljL2Jhc2ljLmljcyJ9IC9zdGF0ZXNhdmVkQXRzdGF0ZXNhdmVkQnkgYXp5dCwgcnkgIGogeiByeSBpZW9zZXpuLnN0YXRldmVyc2lvbmNsaWVudElkaXNWYWxpZG9yaWdpbmFsQ29udGVudG5hbWVhdHRyaWJ1dGVzY29udGVudE9kIG1hamEgd3JhY2FtIGRvIHByYWN5LCBhbGUgdyBiYXJkem8gb2dyYW5pY3pvbnltIHpha3Jlc2llLiBOaWUgYsSZZMSZIGp1xbwgcHJhY293YcSHIDM2NSBkbmkgdyByb2t1LiBkcm9wQ2FwaW5uZXJCbG9ja3NjbGllbnRJZGlzVmFsaWRvcmlnaW5hbENvbnRlbnRuYW1lYXR0cmlidXRlc2NvbnRlbnROaWUgYsSZZMSZIHNpxJkgdGXFvCBqdcW8IG9waWVrb3dhxIcgcGnEmWNpb21hIGdydXBhbWkgc3BhY2Vyb3d5bWkgbmEgcmF6IHR5bGtvIGR3aWVtYS4gQ28gcG93b2R1amUsIHptbmllanN6ZW5pZSBsaWN6YnkgZ2\/Fm2NpLiBNdXN6xIUgd2nEmWMgUGHFhHN0d28geiB3eXByemVkemVuaWVtIHB5dGHEhyBvIGRvc3TEmXBub8WbxIcgdGVybWluw7N3LiBkcm9wQ2FwaW5uZXJCbG9ja3NQb25pxbxlaiB6bmFqZMSFIFBhxYRzdHdvIGthbGVuZGFyejwvcD4KPCEtLSAvd3A6cGFyYWdyYXBoIC0tPgoKPCEtLSB3cDpwYXJhZ3JhcGggLS0+CjxwPlBvbmnFvGVqIHpuYWpkxIUgUGHFhHN0d28ga2FsZW5kYXJ6PC9wPgo8IS0tIC93cDpwYXJhZ3JhcGggLS0+Cgo8IS0tIHdwOnBhcmFncmFwaCAtLT4KPHA+IHBva2F6dWrEhWN5IHRlcm1pbnkgbmllZG9zdMSZcG5lLiBkYXR5LCB3IGt0w7NyeWNoIGhvdGVsIGplc3QgbmllY3p5bm55LCwgY3p5bGkgZG5pIHcga3TDs3JlICBwb2thenVqxIVjeSBkYXR5LCB3IGt0w7NyeWNoIGhvdGVsIGplc3QgbmllY3p5bm55LCB0ZXJtaW55IG5pZWRvc3TEmXBuZSwgY3p5bGkgZG5pIHcga3TDs3JlIG5pZSBtYSB3aXp5dCwgcHJ6eWphemTDs3cgaSB3eWphemTDs3cgb3JheiBva3Jlc3kgd3lzb2tpZWdvIHNlem9udWNsaWVudElkaXNWYWxpZG9yaWdpbmFsQ29udGVudG5hbWVhdHRyaWJ1dGVzY29udGVudFN6YW51asSFYyByw7N3bmllxbwgUGHFhHN0d2EgaSBtw7NqIGN6YXMgemFzdHJ6ZWdhbSwgxbxlIHByenlqbXVqxJkgdGVyYXogdHlsa28gcHN5IHRvd2Fyenlza2llLiBac29jamFsaXpvd2FuZSB6IGlubnltaSBwc2FtaSBpIGx1YmnEhWNlIGljaCB0b3dhcnp5c3R3by5kcm9wQ2FwaW5uZXJCbG9ja3NuaWVtIHdpcHpqYXpkw7N3aXd5YXpkw7N3b3Jhb2tlc3d5c29rZyBvdTwvcD4KPCEtLSAvd3A6cGFyYWdyYXBoIC0tPgoKPCEtLSB3cDpwYXJhZ3JhcGggLS0+CjxwPgUHCAQIBAgGCEUACAeZAb4BowG5AQIGLa0CCAcIBggOCA4IC0gBBA4PCRQYDxgIBggHDwQKByQHCwgHDwQKB6UBBwsFBwsDAQUHCAcECkcACwNGABAKBQsXEA8ICQoIBgEZAQMOlAIFBwUHQQMCQQdCAEEEBQcIBw8ECgejAQcLCAcPBAoHuQESLgcLIDYgNgsIQQAKASYUmQGAAQgHDwQKB5ICBwsDAQNBAAYBAgUDQgAFQQI2FwEEAAABAAAAAQYABgEAABIBAQAVAQIAG0IBAQBBAAIAQQACAEEAAEEAAgBBAAIAQQACADpBAgIBCEETrgZBGwMEAwEFAgUDBAUCA0EABAMFBAMBA0EABgECBQNCAAVBAjZBA4sFQQOSAgFDAUEGBDYAfQF3EzIwMjYtMDUtMDRUMjI6MjM6NTR3BXdhem5ldwdwdWJsaXNofQF9AHcGY2xvc2VkdwZjbG9zZWR3AHUAdQB3AHcHd3AtcGFnZXeTCFt7ImlkIjoiMTMwOGM3YmYiLCJlbFR5cGUiOiJjb250YWluZXIiLCJzZXR0aW5ncyI6W10sImVsZW1lbnRzIjpbeyJpZCI6IjY3NjIyZjE3IiwiZWxUeXBlIjoid2lkZ2V0Iiwic2V0dGluZ3MiOnsiZWRpdG9yIjoiPCEtLSB3cDpwYXJhZ3JhcGggLS0+XG48cD5Qb2N6XHUwMTA1dGVrIDIwMjYgcHJ6eW5pXHUwMGYzc1x1MDE0MiB3aWVsZSB6bWlhbi48XC9wPlxuPCEtLSBcL3dwOnBhcmFncmFwaCAtLT5cblxuPCEtLSB3cDpwYXJhZ3JhcGggLS0+XG48cD5aIHByenljenluIG9zb2Jpc3R5Y2ggcHJ6ZXogcGllcndzemUgbWllc2lcdTAxMDVjZSByb2t1IG9mZXJvd2FcdTAxNDJhbSBvcGlla1x1MDExOSB0eWxrbyBtb2ltIHN0YVx1MDE0MnltIGJlemRvbW5pYWtvbS4gT2QgbWFqYSB3cmFjYW0gZG8gcHJhY3ksIGFsZSB3IGJhcmR6byBvZ3Jhbmljem9ueW0gemFrcmVzaWUuIE5pZSBiXHUwMTE5ZFx1MDExOSBqdVx1MDE3YyBwcmFjb3dhXHUwMTA3IDM2NSBkbmkgdyByb2t1LiBOaWUgYlx1MDExOWRcdTAxMTkgc2lcdTAxMTkgdGVcdTAxN2MganVcdTAxN2Mgb3BpZWtvd2FcdTAxMDcgcGlcdTAxMTljaW9tYSBncnVwYW1pIHNwYWNlcm93eW1pIG5hIHJheiB0eWxrbyBkd2llbWEuIENvIHBvd29kdWplLCB6bW5pZWpzemVuaWUgbGljemJ5IGdvXHUwMTViY2kuIE11c3pcdTAxMDUgd2lcdTAxMTljIFBhXHUwMTQ0c3R3byB6IHd5cHJ6ZWR6ZW5pZW0gcHl0YVx1MDEwNyBvIGRvc3RcdTAxMTlwbm9cdTAxNWJcdTAxMDcgdGVybWluXHUwMGYzdy4gU3phbnVqXHUwMTA1YyByXHUwMGYzd25pZVx1MDE3YyBQYVx1MDE0NHN0d2EgaSBtXHUwMGYzaiBjemFzIHphc3RyemVnYW0sIFx1MDE3Y2UgcHJ6eWptdWpcdTAxMTkgdGVyYXogdHlsa28gcHN5IHRvd2Fyenlza2llLiBac29jamFsaXpvd2FuZSB6IGlubnltaSBwc2FtaSBpIGx1YmlcdTAxMDVjZSBpY2ggdG93YXJ6eXN0d28uPFwvcD5cbjwhLS0gXC93cDpwYXJhZ3JhcGggLS0+In0sImVsZW1lbnRzIjpbXSwid2lkZ2V0VHlwZSI6InRleHQtZWRpdG9yIn1dLCJpc0lubmVyIjpmYWxzZX1dfnckZWIzNTAwNGQtOTlkNy00NWNjLWIxN2YtZDcwMjRlM2VkZGE1eHcuPHA+UG9jesSFdGVrIDIwMjYgcHJ6eW5pw7NzxYIgd2llbGUgem1pYW4uPC9wPncOY29yZS9wYXJhZ3JhcGh5dyRhYTNlZjc5My1lZDYxLTQ0YTItOWI3NC03N2Y2MjY4YTIxY2V4d7oEPHA+WiBwcnp5Y3p5biBvc29iaXN0eWNoIHByemV6IHBpZXJ3c3plIG1pZXNpxIVjZSByb2t1IG9mZXJvd2HFgmFtIG9waWVrxJkgdHlsa28gbW9pbSBzdGHFgnltIGJlemRvbW5pYWtvbS4gT2QgbWFqYSB3cmFjYW0gZG8gcHJhY3ksIGFsZSB3IGJhcmR6byBvZ3Jhbmljem9ueW0gemFrcmVzaWUuIE5pZSBixJlkxJkganXFvCBwcmFjb3dhxIcgMzY1IGRuaSB3IHJva3UuIE5pZSBixJlkxJkgc2nEmSB0ZcW8IGp1xbwgb3BpZWtvd2HEhyBwacSZY2lvbWEgZ3J1cGFtaSBzcGFjZXJvd3ltaSBuYSByYXogdHlsa28gZHdpZW1hLiBDbyBwb3dvZHVqZSwgem1uaWVqc3plbmllIGxpY3pieSBnb8WbY2kuIE11c3rEhSB3acSZYyBQYcWEc3R3byB6IHd5cHJ6ZWR6ZW5pZW0gcHl0YcSHIG8gZG9zdMSZcG5vxZvEhyB0ZXJtaW7Ds3cuIFN6YW51asSFYyByw7N3bmllxbwgUGHFhHN0d2EgaSBtw7NqIGN6YXMgemFzdHJ6ZWdhbSwgxbxlIHByenlqbXVqxJkgdGVyYXogdHlsa28gcHN5IHRvd2Fyenlza2llLiBac29jamFsaXpvd2FuZSB6IGlubnltaSBwc2FtaSBpIGx1YmnEhWNlIGljaCB0b3dhcnp5c3R3by48L3A+dw5jb3JlL3BhcmFncmFwaHkEAF8AdwB4dyQ0MTQ1MzJlMy03YWQzLTRmZjctOTgxNC1mYTdiMzdlZWYyOGR3Dmh5Y2FsL2NhbGVuZGFydwB3AmVudwRsaXN0dwIyOHcXZGF5R3JpZE1vbnRoLCBsaXN0TW9udGh3DGRheUdyaWRNb250aHh3Azc2OHh5eHh5dwJ7fXeXAWh0dHBzOi8vY2FsZW5kYXIuZ29vZ2xlLmNvbS9jYWxlbmRhci9pY2FsL2VjNWJhYWUyNjhlNjM5MTNiZDg3OTFhNWZmYWY5NzlmYmY4MDVjNGJmOGQ2Nzk0NGJkOTRhYWZkY2YzOTRmMTMlNDBncm91cC5jYWxlbmRhci5nb29nbGUuY29tL3B1YmxpYy9iYXNpYy5pY3NJAHckOGQ0NjFhNDgtMzE2ZC00OTEwLWJiODItZTJmNTQzZTVjNjAzeHe6BDxwPlogcHJ6eWN6eW4gb3NvYmlzdHljaCBwcnpleiBwaWVyd3N6ZSBtaWVzacSFY2Ugcm9rdSBvZmVyb3dhxYJhbSBvcGlla8SZIHR5bGtvIG1vaW0gc3RhxYJ5bSBiZXpkb21uaWFrb20uIE9kIG1hamEgd3JhY2FtIGRvIHByYWN5LCBhbGUgdyBiYXJkem8gb2dyYW5pY3pvbnltIHpha3Jlc2llLiBOaWUgYsSZZMSZIGp1xbwgcHJhY293YcSHIDM2NSBkbmkgdyByb2t1LiBOaWUgYsSZZMSZIHNpxJkgdGXFvCBqdcW8IG9waWVrb3dhxIcgcGnEmWNpb21hIGdydXBhbWkgc3BhY2Vyb3d5bWkgbmEgcmF6IHR5bGtvIGR3aWVtYS4gQ28gcG93b2R1amUsIHptbmllanN6ZW5pZSBsaWN6YnkgZ2\/Fm2NpLiBNdXN6xIUgd2nEmWMgUGHFhHN0d28geiB3eXByemVkemVuaWVtIHB5dGHEhyBvIGRvc3TEmXBub8WbxIcgdGVybWluw7N3LiBTemFudWrEhWMgcsOzd25pZcW8IFBhxYRzdHdhIGkgbcOzaiBjemFzIHphc3RyemVnYW0sIMW8ZSBwcnp5am11asSZIHRlcmF6IHR5bGtvIHBzeSB0b3dhcnp5c2tpZS4gWnNvY2phbGl6b3dhbmUgeiBpbm55bWkgcHNhbWkgaSBsdWJpxIVjZSBpY2ggdG93YXJ6eXN0d28uPC9wPncOY29yZS9wYXJhZ3JhcGh5dyQ1YjQyZDdlNy01NmE5LTQxMGUtOWZlMi02Yjc3YTdlOWNhZDR4d7oEPHA+WiBwcnp5Y3p5biBvc29iaXN0eWNoIHByemV6IHBpZXJ3c3plIG1pZXNpxIVjZSByb2t1IG9mZXJvd2HFgmFtIG9waWVrxJkgdHlsa28gbW9pbSBzdGHFgnltIGJlemRvbW5pYWtvbS4gT2QgbWFqYSB3cmFjYW0gZG8gcHJhY3ksIGFsZSB3IGJhcmR6byBvZ3Jhbmljem9ueW0gemFrcmVzaWUuIE5pZSBixJlkxJkganXFvCBwcmFjb3dhxIcgMzY1IGRuaSB3IHJva3UuIE5pZSBixJlkxJkgc2nEmSB0ZcW8IGp1xbwgb3BpZWtvd2HEhyBwacSZY2lvbWEgZ3J1cGFtaSBzcGFjZXJvd3ltaSBuYSByYXogdHlsa28gZHdpZW1hLiBDbyBwb3dvZHVqZSwgem1uaWVqc3plbmllIGxpY3pieSBnb8WbY2kuIE11c3rEhSB3acSZYyBQYcWEc3R3byB6IHd5cHJ6ZWR6ZW5pZW0gcHl0YcSHIG8gZG9zdMSZcG5vxZvEhyB0ZXJtaW7Ds3cuIFN6YW51asSFYyByw7N3bmllxbwgUGHFhHN0d2EgaSBtw7NqIGN6YXMgemFzdHJ6ZWdhbSwgxbxlIHByenlqbXVqxJkgdGVyYXogdHlsa28gcHN5IHRvd2Fyenlza2llLiBac29jamFsaXpvd2FuZSB6IGlubnltaSBwc2FtaSBpIGx1YmnEhWNlIGljaCB0b3dhcnp5c3R3by48L3A+dw5jb3JlL3BhcmFncmFwaHl3JGE5ZTFiOWZmLWM4ZDItNDA1NC05Nzc4LTk0MDM4NmM2YWZmY3h3ugQ8cD5aIHByenljenluIG9zb2Jpc3R5Y2ggcHJ6ZXogcGllcndzemUgbWllc2nEhWNlIHJva3Ugb2Zlcm93YcWCYW0gb3BpZWvEmSB0eWxrbyBtb2ltIHN0YcWCeW0gYmV6ZG9tbmlha29tLiBPZCBtYWphIHdyYWNhbSBkbyBwcmFjeSwgYWxlIHcgYmFyZHpvIG9ncmFuaWN6b255bSB6YWtyZXNpZS4gTmllIGLEmWTEmSBqdcW8IHByYWNvd2HEhyAzNjUgZG5pIHcgcm9rdS4gTmllIGLEmWTEmSBzacSZIHRlxbwganXFvCBvcGlla293YcSHIHBpxJljaW9tYSBncnVwYW1pIHNwYWNlcm93eW1pIG5hIHJheiB0eWxrbyBkd2llbWEuIENvIHBvd29kdWplLCB6bW5pZWpzemVuaWUgbGljemJ5IGdvxZtjaS4gTXVzesSFIHdpxJljIFBhxYRzdHdvIHogd3lwcnplZHplbmllbSBweXRhxIcgbyBkb3N0xJlwbm\/Fm8SHIHRlcm1pbsOzdy4gU3phbnVqxIVjIHLDs3duaWXFvCBQYcWEc3R3YSBpIG3Ds2ogY3phcyB6YXN0cnplZ2FtLCDFvGUgcHJ6eWptdWrEmSB0ZXJheiB0eWxrbyBwc3kgdG93YXJ6eXNraWUuIFpzb2NqYWxpem93YW5lIHogaW5ueW1pIHBzYW1pIGkgbHViacSFY2UgaWNoIHRvd2FyenlzdHdvLjwvcD53DmNvcmUvcGFyYWdyYXBoeXtCed96Zk7gAH2S6vzSBASS5JyDDwW+AwECAAYH5AEAnQGtA\/ap4YQIAQAA4\/Ln4wYZAAACAAEAAQEDAM8BAQECAgMBAgEAAgQCAQEEAgIBAwEEAQEBAgIAAgACAwECAQQBAwFckrW+qQIIAABqygKCAREukQHBAQIBAgECngEA\",\"updateId\":585849285}","_regular_price":[],"currency_symbol":[],"footnotes":""},"class_list":["post-362","page","type-page","status-publish","hentry"],"post_slider_layout_featured_media_urls":{"thumbnail":"","post_slider_layout_landscape_large":"","post_slider_layout_portrait_large":"","post_slider_layout_square_large":"","post_slider_layout_landscape":"","post_slider_layout_portrait":"","post_slider_layout_square":"","full":""},"_links":{"self":[{"href":"https:\/\/doginn.pl\/index.php?rest_route=\/wp\/v2\/pages\/362","targetHints":{"allow":["GET"]}}],"collection":[{"href":"https:\/\/doginn.pl\/index.php?rest_route=\/wp\/v2\/pages"}],"about":[{"href":"https:\/\/doginn.pl\/index.php?rest_route=\/wp\/v2\/types\/page"}],"author":[{"embeddable":true,"href":"https:\/\/doginn.pl\/index.php?rest_route=\/wp\/v2\/users\/1"}],"replies":[{"embeddable":true,"href":"https:\/\/doginn.pl\/index.php?rest_route=%2Fwp%2Fv2%2Fcomments&post=362"}],"version-history":[{"count":7,"href":"https:\/\/doginn.pl\/index.php?rest_route=\/wp\/v2\/pages\/362\/revisions"}],"predecessor-version":[{"id":403,"href":"https:\/\/doginn.pl\/index.php?rest_route=\/wp\/v2\/pages\/362\/revisions\/403"}],"wp:attachment":[{"href":"https:\/\/doginn.pl\/index.php?rest_route=%2Fwp%2Fv2%2Fmedia&parent=362"}],"curies":[{"name":"wp","href":"https:\/\/api.w.org\/{rel}","templated":true}]}}