{"id":218,"date":"2024-07-03T20:24:50","date_gmt":"2024-07-03T18:24:50","guid":{"rendered":"https:\/\/doginn.pl\/?page_id=218"},"modified":"2026-05-04T22:41:55","modified_gmt":"2026-05-04T20:41:55","slug":"hotel-dog-inn","status":"publish","type":"page","link":"https:\/\/doginn.pl\/?page_id=218","title":{"rendered":"Hotel Dog Inn"},"content":{"rendered":"<p>Hotel Dog Inn to ponad hektar lasu, w odleg\u0142o\u015bci 30 km od centrum Warszawy. To ca\u0142oroczny budynek,\u00a0 a w nim 13 wygodnych boks\u00f3w dla czworono\u017cnych go\u015bci. To troskliwa opieka, indywidualne podej\u015bcie do potrzeb psa, rytm dnia i aktywno\u015b\u0107 zgodna z jego przyzwyczajeniami.<\/p>\n<h5>Osobi\u015bcie<\/h5>\n<p><img fetchpriority=\"high\" decoding=\"async\" src=\"http:\/\/doginn.pl\/wp-content\/uploads\/2026\/05\/515805427_24918108341125804_6300026951657130222_n-300x225.jpg\" alt=\"Maria g\u0142aszcze rud\u0105Tink\u0119, a Kubi whippet pr\u00f3buje si\u0119 przytuli\u0107 ca\u0142ym sob\u0105.\" width=\"300\" height=\"225\" \/><\/p>\n<p>Dog Inn to\u00a0 Maria Jakubowska. Prowadz\u0119 ten hotel dla ps\u00f3w od czerwca 2009 roku, bez przerwy (nawet w pandemii hotel dzia\u0142a\u0142 pod has\u0142em &#8220;Pies w koronie&#8221; przyjmuj\u0105c psy w\u0142a\u015bcicieli przebywaj\u0105cych na kwarantannie). Wcze\u015bniej przez kilka lat zajmowa\u0142am si\u0119 psami bezdomnymi jako wolontariusz jednej z fundacji i maj\u0105c dom tymczasowy. Przez te wszystkie lata uczy\u0142am si\u0119 ps\u00f3w w praktyce opiekuj\u0105c si\u0119 paroma setkami r\u00f3\u017cnych psiak\u00f3w i w teorii na licznych wyk\u0142adach, kursach i seminariach.<\/p>\n<h5>Bezpiecznie<\/h5>\n<p>Bezpiecze\u0144stwo i dobre samopoczucie czworono\u017cnych go\u015bci s\u0105 dla mnie najwa\u017cniejsze. Przed przyj\u0119ciem do hotelu rozmawiam z w\u0142a\u015bcicielami, by pozna\u0107 charakter i usposobienie psa, jego zachowania i przyzwyczajenia, ulubione formy aktywno\u015bci i diet\u0119; wszystko po to, by w miar\u0119 mo\u017cliwo\u015bci odwzorowa\u0107 rytm dnia i aktywno\u015b\u0107, do kt\u00f3rych pies jest przyzwyczajony.<\/p>\n<p>Mam kilku wielokrotnie sprawdzonych lekarzy weterynarii. Najbli\u017csza dr. Magda przyjmuje kilometr od hotelu. W razie potrzeby korzystam z wizyt domowych lub kliniki ca\u0142odobowej w Warszawie.\u00a0 I jestem zawsze w pobli\u017cu, tak\u017ce w nocy, gdy\u017c mieszkam w domu tu\u017c obok psiego domku.<\/p>\n<h5>Wygodnie<\/h5>\n<p>Psy maj\u0105 u mnie do dyspozycji przytulne boksy usytuowane w ca\u0142orocznym domku, ogrzewanym zim\u0105, klimatyzowanym latem. Ka\u017cdy pies ma w\u0142asny boks, kt\u00f3ry jest jego bezpieczn\u0105 przestrzeni\u0105 do odpoczynku, snu i jedzenia. Je\u015bli przyje\u017cd\u017caj\u0105 2 psiaki z jednego domu, to w\u0142a\u015bciciel decyduje czy b\u0119d\u0105 spa\u0142y razem, czy osobno.<\/p>\n<h5>Aktywnie<\/h5>\n<p>\u017bywio\u0142owe i spokojne, aportuj\u0105ce i spaceruj\u0105ce, lubi\u0105ce zabawy z cz\u0142owiekiem lub innymi czworonogami \u2013 staram si\u0119 zapewni\u0107 wszystkim psom tak\u0105 form\u0119 aktywno\u015bci, jak\u0105 lubi\u0105 najbardziej. Psiaki \u2013 maj\u0105 do dyspozycji hektar urozmaiconego, zalesionego terenu. To jest ich plac zabaw, ogrodzony i bezpieczny.<\/p>\n","protected":false},"excerpt":{"rendered":"<p>Hotel Dog Inn to ponad hektar lasu, w odleg\u0142o\u015bci 30 km od centrum Warszawy. To ca\u0142oroczny budynek,\u00a0 a w nim 13 wygodnych boks\u00f3w dla czworono\u017cnych go\u015bci. To troskliwa opieka, indywidualne podej\u015bcie do potrzeb psa, rytm dnia i aktywno\u015b\u0107 zgodna z jego przyzwyczajeniami. Osobi\u015bcie Dog Inn to\u00a0 Maria Jakubowska. Prowadz\u0119 ten hotel dla ps\u00f3w od czerwca [&hellip;]<\/p>\n","protected":false},"author":1,"featured_media":0,"parent":0,"menu_order":0,"comment_status":"closed","ping_status":"closed","template":"","meta":{"_crdt_document":"","_regular_price":[],"currency_symbol":[],"footnotes":""},"class_list":["post-218","page","type-page","status-publish","hentry"],"post_slider_layout_featured_media_urls":{"thumbnail":"","post_slider_layout_landscape_large":"","post_slider_layout_portrait_large":"","post_slider_layout_square_large":"","post_slider_layout_landscape":"","post_slider_layout_portrait":"","post_slider_layout_square":"","full":""},"_links":{"self":[{"href":"https:\/\/doginn.pl\/index.php?rest_route=\/wp\/v2\/pages\/218","targetHints":{"allow":["GET"]}}],"collection":[{"href":"https:\/\/doginn.pl\/index.php?rest_route=\/wp\/v2\/pages"}],"about":[{"href":"https:\/\/doginn.pl\/index.php?rest_route=\/wp\/v2\/types\/page"}],"author":[{"embeddable":true,"href":"https:\/\/doginn.pl\/index.php?rest_route=\/wp\/v2\/users\/1"}],"replies":[{"embeddable":true,"href":"https:\/\/doginn.pl\/index.php?rest_route=%2Fwp%2Fv2%2Fcomments&post=218"}],"version-history":[{"count":15,"href":"https:\/\/doginn.pl\/index.php?rest_route=\/wp\/v2\/pages\/218\/revisions"}],"predecessor-version":[{"id":374,"href":"https:\/\/doginn.pl\/index.php?rest_route=\/wp\/v2\/pages\/218\/revisions\/374"}],"wp:attachment":[{"href":"https:\/\/doginn.pl\/index.php?rest_route=%2Fwp%2Fv2%2Fmedia&parent=218"}],"curies":[{"name":"wp","href":"https:\/\/api.w.org\/{rel}","templated":true}]}}