{"id":217,"date":"2026-05-04T19:09:27","date_gmt":"2026-05-04T17:09:27","guid":{"rendered":"https:\/\/doginn.pl\/?page_id=217"},"modified":"2026-05-04T22:21:12","modified_gmt":"2026-05-04T20:21:12","slug":"kontakt","status":"publish","type":"page","link":"https:\/\/doginn.pl\/?page_id=217","title":{"rendered":"Kontakt"},"content":{"rendered":"Hotel znajduje si\u0119 przy ulicy U\u0142a\u0144skiej 74K, we wsi Kobierne, w gminie D\u0119be Wielkie w powiecie Mi\u0144skim.\n\n<!-- \/wp:post-content --><!-- wp:paragraph -->\n\nNr telefonu: 508310296\n\n<!-- \/wp:paragraph --><!-- wp:paragraph -->\n\nDojazd na mapach googla wygl\u0105da nast\u0119puj\u0105co:\n\n<a style=\"font-size: 16px;\" href=\"https:\/\/maps.app.goo.gl\/XEpbmEreZqqAVymP8\" target=\"_blank\" rel=\"noopener\">maps.app.goo.gl\/XEpbmEreZqqAVymP8<\/a>\n\n<iframe style=\"border: 0;\" src=\"https:\/\/www.google.com\/maps\/embed?pb=!1m18!1m12!1m3!1d2445.040953473203!2d21.45828237720375!3d52.20630325940662!2m3!1f0!2f0!3f0!3m2!1i1024!2i768!4f13.1!3m3!1m2!1s0x471ed4c036386a7b%3A0xf0815db55ca28641!2sDog%20Inn%20hotel%20dla%20ps%C3%B3w!5e0!3m2!1spl!2spl!4v1777916090008!5m2!1spl!2spl\" width=\"600\" height=\"450\" allowfullscreen=\"allowfullscreen\"><\/iframe>\n\nTrzeba uwa\u017ca\u0107 na ostatni skr\u0119t\u00a0 z asfaltowej ulicy U\u0142a\u0144skiej w drog\u0119 poln\u0105 prowadz\u0105c\u0105 do domu pod lasem. Przy skr\u0119cie w moj\u0105 drog\u0119 stoi s\u0142upek z tabliczkami z adresem i logo hotelu.\n\n<img fetchpriority=\"high\" decoding=\"async\" src=\"http:\/\/doginn.pl\/wp-content\/uploads\/2024\/06\/dojazd-3-300x228.jpg\" alt=\"Zdj\u0119cie miejsca, w kt\u00f3rym nale\u017cy skr\u0119ci\u0107 z asfaltu w drog\u0119 poln\u0105\" width=\"300\" height=\"228\" \/>\n<p style=\"transition-duration: 1s;\">Facebook:\u00a0<a style=\"color: #04eadb;\" href=\"https:\/\/www.facebook.com\/DogInn\">www.facebook.com\/DogInn<\/a><\/p>\n<!-- \/wp:paragraph -->","protected":false},"excerpt":{"rendered":"<p>Hotel znajduje si\u0119 przy ulicy U\u0142a\u0144skiej 74K, we wsi Kobierne, w gminie D\u0119be Wielkie w powiecie Mi\u0144skim. Nr telefonu: 508310296 Dojazd na mapach googla wygl\u0105da nast\u0119puj\u0105co: maps.app.goo.gl\/XEpbmEreZqqAVymP8 Trzeba uwa\u017ca\u0107 na ostatni skr\u0119t\u00a0 z asfaltowej ulicy U\u0142a\u0144skiej w drog\u0119 poln\u0105 prowadz\u0105c\u0105 do domu pod lasem. Przy skr\u0119cie w moj\u0105 drog\u0119 stoi s\u0142upek z tabliczkami z adresem [&hellip;]<\/p>\n","protected":false},"author":1,"featured_media":0,"parent":0,"menu_order":0,"comment_status":"closed","ping_status":"closed","template":"","meta":{"_crdt_document":"","_regular_price":[],"currency_symbol":[],"footnotes":""},"class_list":["post-217","page","type-page","status-publish","hentry"],"post_slider_layout_featured_media_urls":{"thumbnail":"","post_slider_layout_landscape_large":"","post_slider_layout_portrait_large":"","post_slider_layout_square_large":"","post_slider_layout_landscape":"","post_slider_layout_portrait":"","post_slider_layout_square":"","full":""},"_links":{"self":[{"href":"https:\/\/doginn.pl\/index.php?rest_route=\/wp\/v2\/pages\/217","targetHints":{"allow":["GET"]}}],"collection":[{"href":"https:\/\/doginn.pl\/index.php?rest_route=\/wp\/v2\/pages"}],"about":[{"href":"https:\/\/doginn.pl\/index.php?rest_route=\/wp\/v2\/types\/page"}],"author":[{"embeddable":true,"href":"https:\/\/doginn.pl\/index.php?rest_route=\/wp\/v2\/users\/1"}],"replies":[{"embeddable":true,"href":"https:\/\/doginn.pl\/index.php?rest_route=%2Fwp%2Fv2%2Fcomments&post=217"}],"version-history":[{"count":14,"href":"https:\/\/doginn.pl\/index.php?rest_route=\/wp\/v2\/pages\/217\/revisions"}],"predecessor-version":[{"id":361,"href":"https:\/\/doginn.pl\/index.php?rest_route=\/wp\/v2\/pages\/217\/revisions\/361"}],"wp:attachment":[{"href":"https:\/\/doginn.pl\/index.php?rest_route=%2Fwp%2Fv2%2Fmedia&parent=217"}],"curies":[{"name":"wp","href":"https:\/\/api.w.org\/{rel}","templated":true}]}}