{"id":214,"date":"2026-05-04T19:06:53","date_gmt":"2026-05-04T17:06:53","guid":{"rendered":"https:\/\/doginn.pl\/?page_id=214"},"modified":"2026-05-04T19:06:53","modified_gmt":"2026-05-04T17:06:53","slug":"jak-to-dziala","status":"publish","type":"page","link":"https:\/\/doginn.pl\/?page_id=214","title":{"rendered":"Jak to dzia\u0142a?"},"content":{"rendered":"\n<p class=\"wp-block-paragraph\"><strong>Przed pierwszym pobytem<\/strong><br>Przed pierwszym pobytem psa w hotelu zawsze zapraszam na spacer. Pies ma mo\u017cliwo\u015b\u0107 poznania mnie, oswojenia si\u0119 z hotelem, z nowym miejscem; Pa\u0144stwo przekonujecie si\u0119 komu i w jakich warunkach pozostawicie swojego zwierzaka; ja staram si\u0119 oceni\u0107 czy psiak dobrze zniesie warunki hotelowe i zapewni\u0107 mu jak najlepsze skojarzenia z hotelem.<br><strong>Niespodziewana wizyta<br><\/strong>Wi\u0119kszo\u015b\u0107 czasu w ci\u0105gu dnia po\u015bwi\u0119cam psom przebywaj\u0105cym w hotelu. Zapewniam im d\u0142ugie spacery oraz posi\u0142ki o regularnych porach, dlatego na spacer z psem i zwiedzanie hotelu zapraszam po telefonicznym ustaleniu godziny. Przyje\u017cd\u017caj\u0105c z niespodziewan\u0105 wizyt\u0105 mo\u017cecie Pa\u0144stwo nie zasta\u0107 nikogo w domu, gdy jestem z psami w lesie lub us\u0142ysze\u0107, \u017ce nie mog\u0119 \u017cadnemu z go\u015bci odebra\u0107 kawa\u0142ka spaceru by si\u0119 Pa\u0144stwem zaj\u0105\u0107. W galerii jest troch\u0119 zdj\u0119\u0107 pokazuj\u0105cych jak wygl\u0105da psi dzie\u0144, wi\u0119cej jeszcze wida\u0107 na filmach umieszczonych na hotelowym facebooku www.facebook.com\/DogInn<br><strong>Rezerwacje<\/strong><br>Us\u0142ugi w hotelu dla ps\u00f3w Dog Inn s\u0105 realizowane zgodnie z umow\u0105 powierzenia psa.<br>W celu dokonania rezerwacji prosz\u0119 o kontakt telefoniczny: 508 310 296.<br>Je\u015bli nie odbieram, poprosz\u0119 o sms. Jak tylko b\u0119d\u0119 mog\u0142a, przeczytam i odpisz\u0119 lub oddzwoni\u0119.<br><strong>Potwierdzenie rezerwacji<br><\/strong>Ostatecznym potwierdzeniem rezerwacji jest przedp\u0142ata w wysoko\u015bci 30% ca\u0142o\u015bci op\u0142aty za pobyt got\u00f3wk\u0105 w hotelu lub blikiem na nr 603602682 lub przelewem na konto Kobierne s.c. nr: 22 1140 2017 0000 4302 1293 2342 W tytule blika lub przelewu prosz\u0119 wpisa\u0107 imi\u0119 psa i dok\u0142adny termin rezerwacji.<br><strong>Przed przyjazdem<\/strong><br>Pies przed przyjazdem do hotelu musi by\u0107 zaszczepiony, odrobaczony, zabezpieczony przeciw pch\u0142om i kleszczom.<br>Poniewa\u017c nie mam warunk\u00f3w do izolowania zwierz\u0105t, pies nie mo\u017ce by\u0107 chory lub podejrzewany o choroby zaka\u017ane, wirusowe, grzybicze, kt\u00f3rymi m\u00f3g\u0142by zarazi\u0107 inne zwierz\u0119ta lub ludzi.<br>Ze wzgl\u0119du na bezpiecze\u0144stwo pozosta\u0142ych go\u015bci, nie przyjmuj\u0119 suk w okresie cieczki &#8211; suka przyje\u017cd\u017caj\u0105c musi by\u0107 minimum 2 tygodnie po ruji.<br><strong>Baga\u017c<\/strong><br>Pies do hotelu powinien przyjecha\u0107 ze swoj\u0105 ksi\u0105\u017ceczk\u0105 zdrowia lub paszport lub za\u015bwiadczenie o szczepieniach.<br>Powinien by\u0107 tak\u017ce zaopatrzony w: zwyk\u0142\u0105, p\u0142ask\u0105 obro\u017c\u0119; swoje pos\u0142anie i ulubion\u0105 zabawk\u0119 \/ gryzaki, kt\u00f3re pomagaj\u0105 mu si\u0119 wyciszy\u0107, o ile takie posiada.<br><strong>Wy\u017cywienie<\/strong><br>W cenie pobytu oferuj\u0119 wy\u017cywienie karm\u0105 marki Brit Care w wersji hipoalergicznej. Je\u015bli chc\u0105 Pa\u0144stwo skorzysta\u0107 z tej wersji, prosz\u0119 o przywiezienie 2 dniowej porcji karmy, kt\u00f3r\u0105 pies jada na co dzie\u0144. Je\u015bli chc\u0105 Pa\u0144stwo by psiak jad\u0142 to co zawsze lub pobyt jest parodniowy, prosz\u0119 o zaopatrzenie go w jedzenie na ca\u0142y pobyt. Dodatkowa zmiana zwi\u0119ksza stres, a u wielu ps\u00f3w powoduje r\u00f3wnie\u017c problemy \u017co\u0142\u0105dkowe, kt\u00f3re maj\u0105 niekorzystny wp\u0142yw na samopoczucie fizyczne i psychiczne.<\/p>\n\n\n\n<p class=\"wp-block-paragraph\">Je\u015bli macie Pa\u0144stwo jakie\u015b pytania lub w\u0105tpliwo\u015bci zach\u0119cam do kontaktu telefonicznego lub przez messanger.<\/p>\n\n\n\n<p class=\"wp-block-paragraph\"><\/p>\n","protected":false},"excerpt":{"rendered":"<p>Przed pierwszym pobytemPrzed pierwszym pobytem psa w hotelu zawsze zapraszam na spacer. Pies ma mo\u017cliwo\u015b\u0107 poznania mnie, oswojenia si\u0119 z hotelem, z nowym miejscem; Pa\u0144stwo przekonujecie si\u0119 komu i w jakich warunkach pozostawicie swojego zwierzaka; ja staram si\u0119 oceni\u0107 czy psiak dobrze zniesie warunki hotelowe i zapewni\u0107 mu jak najlepsze skojarzenia z hotelem.Niespodziewana wizytaWi\u0119kszo\u015b\u0107 czasu [&hellip;]<\/p>\n","protected":false},"author":1,"featured_media":0,"parent":0,"menu_order":0,"comment_status":"closed","ping_status":"closed","template":"","meta":{"_crdt_document":"","_regular_price":[],"currency_symbol":[],"footnotes":""},"class_list":["post-214","page","type-page","status-publish","hentry"],"post_slider_layout_featured_media_urls":{"thumbnail":"","post_slider_layout_landscape_large":"","post_slider_layout_portrait_large":"","post_slider_layout_square_large":"","post_slider_layout_landscape":"","post_slider_layout_portrait":"","post_slider_layout_square":"","full":""},"_links":{"self":[{"href":"https:\/\/doginn.pl\/index.php?rest_route=\/wp\/v2\/pages\/214","targetHints":{"allow":["GET"]}}],"collection":[{"href":"https:\/\/doginn.pl\/index.php?rest_route=\/wp\/v2\/pages"}],"about":[{"href":"https:\/\/doginn.pl\/index.php?rest_route=\/wp\/v2\/types\/page"}],"author":[{"embeddable":true,"href":"https:\/\/doginn.pl\/index.php?rest_route=\/wp\/v2\/users\/1"}],"replies":[{"embeddable":true,"href":"https:\/\/doginn.pl\/index.php?rest_route=%2Fwp%2Fv2%2Fcomments&post=214"}],"version-history":[{"count":1,"href":"https:\/\/doginn.pl\/index.php?rest_route=\/wp\/v2\/pages\/214\/revisions"}],"predecessor-version":[{"id":237,"href":"https:\/\/doginn.pl\/index.php?rest_route=\/wp\/v2\/pages\/214\/revisions\/237"}],"wp:attachment":[{"href":"https:\/\/doginn.pl\/index.php?rest_route=%2Fwp%2Fv2%2Fmedia&parent=214"}],"curies":[{"name":"wp","href":"https:\/\/api.w.org\/{rel}","templated":true}]}}