{"id":213,"date":"2026-05-04T19:46:20","date_gmt":"2026-05-04T17:46:20","guid":{"rendered":"https:\/\/doginn.pl\/?page_id=213"},"modified":"2026-05-05T12:23:24","modified_gmt":"2026-05-05T10:23:24","slug":"o-nas","status":"publish","type":"page","link":"https:\/\/doginn.pl\/?page_id=213","title":{"rendered":"Cennik"},"content":{"rendered":"<ul>\n<li>Pobyt w niskim sezonie 90 pln \/ dzie\u0144<\/li>\n<li>Pobyt w wysokim sezonie* 120 pln \/ dzie\u0144<\/li>\n<li>Bo\u017ce Narodzenie do Trzech Kr\u00f3li 140 pln \/ dzie\u0144<\/li>\n<li>Pobyt dw\u00f3ch ps\u00f3w z jednego domu 10% rabatu<\/li>\n<li>Pobyt dw\u00f3ch ps\u00f3w z jednego domu w jednym boksie 20% rabatu<\/li>\n<li>Zabezpieczenie przed kleszczami wg ceny preparatu<\/li>\n<li>Wy\u017cywienie karm\u0105 Brit Care w cenie pobytu<\/li>\n<li>Doros\u0142y pies nieutrzymuj\u0105cy higieny + 30 z\u0142 \/ dzie\u0144<\/li>\n<\/ul>\n<p>* Terminy wysokiego sezonu to ferie zimowe w wojew\u00f3dztwie Mazowieckim, \u015bwi\u0119ta Wielkanocne, maj\u00f3wka, d\u0142ugi weekend na Bo\u017ce Cia\u0142o, wakacje szkolne, dwa d\u0142ugie weekendy w listopadzie oraz, osobno wyceniony okres od Wigilii przez Nowy Rok do \u015bwi\u0119ta Trzech Kr\u00f3li. Konkretne terminy znajd\u0105 Pa\u0144stwo w kalendarzu na podstronie Wa\u017cne<\/p>\n","protected":false},"excerpt":{"rendered":"<p>Pobyt w niskim sezonie 90 pln \/ dzie\u0144 Pobyt w wysokim sezonie* 120 pln \/ dzie\u0144 Bo\u017ce Narodzenie do Trzech Kr\u00f3li 140 pln \/ dzie\u0144 Pobyt dw\u00f3ch ps\u00f3w z jednego domu 10% rabatu Pobyt dw\u00f3ch ps\u00f3w z jednego domu w jednym boksie 20% rabatu Zabezpieczenie przed kleszczami wg ceny preparatu Wy\u017cywienie karm\u0105 Brit Care w [&hellip;]<\/p>\n","protected":false},"author":1,"featured_media":0,"parent":0,"menu_order":0,"comment_status":"closed","ping_status":"closed","template":"","meta":{"_crdt_document":"{\"document\":\"AAAG2ueiqAYcGQgOohEsEowBOjKoARABBBACAQIKSgIKbgICmBcvKAMnAAQAJwAEAIEAhACBAIQAgQCEAScAKAQnACgGJwAHACgDJwAoACcAqAHEAISACsoJc3RhdGV2ZXJzaW9uZG9jdW1lbnRkYXRlZG9jdW1lbnRzbHVnZG9jdW1lbnRzdGF0dXNkb2N1bWVudHRpdGxlQ2VubmlrZG9jdW1lbnRjb250ZW50PHVsPgogCTxsaT5Qb2J5dCB3IG5pc2tpbSBzZXpvbmllIDkwIHBsbiAvIGR6aWXFhDwvbGk+CiAJPGxpPlBvYnl0IHcgd3lzb2tpbSBzZXpvbmllKiAxMjAgcGxuIC8gZHppZcWEPC9saT4KIAk8bGk+Qm\/FvGUgTmFyb2R6ZW5pZSBkbyBUcnplY2ggS3LDs2xpIDE0MCBwbG4gLyBkemllxYQ8L2xpPgogCTxsaT5Qb2J5dCBkd8OzY2ggcHPDs3cgeiBqZWRuZWdvIGRvbXUgMTAlIHJhYmF0dTwvbGk+CiAJPGxpPlBvYnl0IGR3w7NjaCBwc8OzdyB6IGplZG5lZ28gZG9tdSB3IGplZG55bSBib2tzaWUgMjAlIHJhYmF0dTwvbGk+CiAJPGxpPlphYmV6cGllY3plbmllIHByemVkIGtsZXN6Y3phbWkgd2cgY2VueSBwcmVwYXJhdHU8L2xpPgogCTxsaT5XecW8eXdpZW5pZSBrYXJtxIUgQnJpdCBDYXJlIHcgY2VuaWUgcG9ieXR1PC9saT4KIAk8bGk+RG9yb3PFgnkgcGllcyBuaWV1dHJ6eW11asSFY3kgaGlnaWVueSArIDMwIHrFgiAvIGR6aWXFhDwvbGk+CjwvdWw+CiogVGVybWlueSB3eXNva2llZ28gc2V6b251IHRvIGZlcmllIHppbW93ZSB3IHdvamV3w7NkenR3aWUgTWF6b3dpZWNraW0sIMWbd2nEmXRhIFdpZWxrYW5vY25lLCBtYWrDs3drYSwgZMWCdWdpIHdlZWtlbmQgbmEgQm\/FvGUgQ2lhxYJvLCB3YWthY2plIHN6a29sbmUsIGR3YSBkxYJ1Z2llIHdlZWtlbmR5IHcgbGlzdG9wYWR6aWUuZG9jdW1lbnRleGNlcnB0ZG9jdW1lbnRhdXRob3Jkb2N1bWVudGZlYXR1cmVkX21lZGlhZG9jdW1lbnRjb21tZW50X3N0YXR1c2RvY3VtZW50cGluZ19zdGF0dXNkb2N1bWVudHRlbXBsYXRlZG9jdW1lbnRtZXRhX3JlZ3VsYXJfcHJpY2VjdXJyZW5jeV9zeW1ib2xmb290bm90ZXNfZWxlbWVudG9yX2VkaXRfbW9kZV9lbGVtZW50b3JfdGVtcGxhdGVfdHlwZV9lbGVtZW50b3JfZGF0YV9lbGVtZW50b3JfcGFnZV9zZXR0aW5nc2RvY3VtZW50YmxvY2tzY2xpZW50SWRpc1ZhbGlkb3JpZ2luYWxDb250ZW50bmFtZWF0dHJpYnV0ZXNjb250ZW50aW5uZXJCbG9ja3Mgb3Jheiwgb3NvYm5vIHd5Y2VuaW9ueSBva3JlcyBvZCBXaWdpbGlpIHByemV6IE5vd3kgUm9rIGRvIMWbd2nEmXRhIFRyemVjaCBLcsOzbGkgS29ua3JldG5lIHRlcm1pbnkgem5hamTEhSBQYcWEc3R3byB3IGthbGVuZGFyenUgbmEgcG9kc3Ryb25pZSBXYcW8bmUFBwgECAQIBggFBggHsQgJHTQBCAcIBggOCA4IC0gBBA4PCRQYDxgIBggHDwQKBwuOAYIBDwEEAAABAAAAAQYABgEAAAdCAQEAQQAAB0ECFiYZQREBKgB9AXcTMjAyNi0wNS0wNFQxOTo0NjoyMHcFby1uYXN3B3B1Ymxpc2h9AX0AdwZjbG9zZWR3BmNsb3NlZHcAdQB1AHcAdwB3B3dwLXBhZ2V3tQhbeyJpZCI6ImQ0ZThjZGUiLCJlbFR5cGUiOiJjb250YWluZXIiLCJzZXR0aW5ncyI6W10sImVsZW1lbnRzIjpbeyJpZCI6ImZmZTAwZGIiLCJlbFR5cGUiOiJ3aWRnZXQiLCJzZXR0aW5ncyI6eyJjb250ZW50X3dpZHRoIjoiZnVsbCIsImVkaXRvciI6Ijx1bD48bGk+UG9ieXQgbmlza2kgc2V6b24gOTAgcGxuIFwvIGR6aWVcdTAxNDQ8XC9saT48bGk+UG9ieXQgd3lzb2tpIHNlem9uKiAxMjAgcGxuIFwvIGR6aWVcdTAxNDQ8XC9saT48bGk+Qm9cdTAxN2NlIE5hcm9kemVuaWUgZG8gVHJ6ZWNoIEtyXHUwMGYzbGkgMTQwIHBsbiBcLyBkemllXHUwMTQ0PFwvbGk+PGxpPlBvYnl0IGR3XHUwMGYzY2ggcHNcdTAwZjN3IHogamVkbmVnbyBkb211IDEwJSByYWJhdHU8XC9saT48bGk+UG9ieXQgZHdcdTAwZjNjaCBwc1x1MDBmM3cgeiBqZWRuZWdvIGRvbXUgdyBqZWRueW0gYm9rc2llIDIwJSByYWJhdHU8XC9saT48bGk+WmFiZXpwaWVjemVuaWUgcHJ6ZWQga2xlc3pjemFtaSB3ZyBjZW55IHByZXBhcmF0dTxcL2xpPjxsaT5XeVx1MDE3Y3l3aWVuaWUga2FybVx1MDEwNSBCcml0IENhcmUgdyBjZW5pZSBwb2J5dHU8XC9saT48bGk+RG9yb3NcdTAxNDJ5IHBpZXMgbmlldXRyenltdWpcdTAxMDVjeSBoaWdpZW55ICsgMzAgelx1MDE0MiBcLyBkemllXHUwMTQ0PFwvbGk+PFwvdWw+PHA+XHUwMGEwPFwvcD48cD4qIFRlcm1pbnkgd3lzb2tpZWdvIHNlem9udSB0byBmZXJpZSB6aW1vd2UgdyB3b2pld1x1MDBmM2R6dHdpZSBNYXpvd2llY2tpbSwgXHUwMTVid2lcdTAxMTl0YSBXaWVsa2Fub2NuZSBvZCBjendhcnRrdSBkbyB3dG9ya3UsIG1halx1MDBmM3drYSBvZCBkemllXHUwMTQ0IHByemVkIGRvIGR6aWVcdTAxNDQgcG8gd2Vla2VuZHppZSwgZFx1MDE0MnVnaSB3ZWVrZW5kIG5hIEJvXHUwMTdjZSBDaWFcdTAxNDJvIG9kIFx1MDE1YnJvZHkgZG8gcG9uaWVkemlhXHUwMTQya3UsIHdha2FjamUgc3prb2xuZSwgZHdhIGRcdTAxNDJ1Z2llIHdlZWtlbmR5IHcgbGlzdG9wYWR6aWUuPFwvcD4ifSwiZWxlbWVudHMiOltdLCJ3aWRnZXRUeXBlIjoidGV4dC1lZGl0b3IifV0sImlzSW5uZXIiOmZhbHNlfV1+dyQ2YmU5OGYzMS05NjA3LTQwMzQtOGI3OC1kMzA1Y2IxOTc2MWF4d\/MFPHVsPgo8bGk+UG9ieXQgdyBuaXNraW0gc2V6b25pZSA5MCBwbG4gLyBkemllxYQ8L2xpPgo8bGk+UG9ieXQgdyB3eXNva2ltIHNlem9uaWUqIDEyMCBwbG4gLyBkemllxYQ8L2xpPgo8bGk+Qm\/FvGUgTmFyb2R6ZW5pZSBkbyBUcnplY2ggS3LDs2xpIDE0MCBwbG4gLyBkemllxYQ8L2xpPgo8bGk+UG9ieXQgZHfDs2NoIHBzw7N3IHogamVkbmVnbyBkb211IDEwJSByYWJhdHU8L2xpPgo8bGk+UG9ieXQgZHfDs2NoIHBzw7N3IHogamVkbmVnbyBkb211IHcgamVkbnltIGJva3NpZSAyMCUgcmFiYXR1PC9saT4KPGxpPlphYmV6cGllY3plbmllIHByemVkIGtsZXN6Y3phbWkgd2cgY2VueSBwcmVwYXJhdHU8L2xpPgo8bGk+V3nFvHl3aWVuaWUga2FybcSFIEJyaXQgQ2FyZSB3IGNlbmllIHBvYnl0dTwvbGk+CjxsaT5Eb3Jvc8WCeSBwaWVzIG5pZXV0cnp5bXVqxIVjeSBoaWdpZW55ICsgMzAgesWCIC8gZHppZcWEPC9saT4KPC91bD4KPHA+KiBUZXJtaW55IHd5c29raWVnbyBzZXpvbnUgdG8gZmVyaWUgemltb3dlIHcgd29qZXfDs2R6dHdpZSBNYXpvd2llY2tpbSwgxZt3acSZdGEgV2llbGthbm9jbmUgb2QgY3p3YXJ0a3UgZG8gd3Rvcmt1LCBtYWrDs3drYSBvZCBkemllxYQgcHJ6ZWQgZG8gZHppZcWEIHBvIHdlZWtlbmR6aWUsIGTFgnVnaSB3ZWVrZW5kIG5hIEJvxbxlIENpYcWCbyBvZCDFm3JvZHkgZG8gcG9uaWVkemlhxYJrdSwgd2FrYWNqZSBzemtvbG5lLCBkd2EgZMWCdWdpZSB3ZWVrZW5keSB3IGxpc3RvcGFkemllLjwvcD53DWNvcmUvZnJlZWZvcm138wU8dWw+CjxsaT5Qb2J5dCB3IG5pc2tpbSBzZXpvbmllIDkwIHBsbiAvIGR6aWXFhDwvbGk+CjxsaT5Qb2J5dCB3IHd5c29raW0gc2V6b25pZSogMTIwIHBsbiAvIGR6aWXFhDwvbGk+CjxsaT5Cb8W8ZSBOYXJvZHplbmllIGRvIFRyemVjaCBLcsOzbGkgMTQwIHBsbiAvIGR6aWXFhDwvbGk+CjxsaT5Qb2J5dCBkd8OzY2ggcHPDs3cgeiBqZWRuZWdvIGRvbXUgMTAlIHJhYmF0dTwvbGk+CjxsaT5Qb2J5dCBkd8OzY2ggcHPDs3cgeiBqZWRuZWdvIGRvbXUgdyBqZWRueW0gYm9rc2llIDIwJSByYWJhdHU8L2xpPgo8bGk+WmFiZXpwaWVjemVuaWUgcHJ6ZWQga2xlc3pjemFtaSB3ZyBjZW55IHByZXBhcmF0dTwvbGk+CjxsaT5XecW8eXdpZW5pZSBrYXJtxIUgQnJpdCBDYXJlIHcgY2VuaWUgcG9ieXR1PC9saT4KPGxpPkRvcm9zxYJ5IHBpZXMgbmlldXRyenltdWrEhWN5IGhpZ2llbnkgKyAzMCB6xYIgLyBkemllxYQ8L2xpPgo8L3VsPgo8cD4qIFRlcm1pbnkgd3lzb2tpZWdvIHNlem9udSB0byBmZXJpZSB6aW1vd2UgdyB3b2pld8OzZHp0d2llIE1hem93aWVja2ltLCDFm3dpxJl0YSBXaWVsa2Fub2NuZSBvZCBjendhcnRrdSBkbyB3dG9ya3UsIG1hasOzd2thIG9kIGR6aWXFhCBwcnplZCBkbyBkemllxYQgcG8gd2Vla2VuZHppZSwgZMWCdWdpIHdlZWtlbmQgbmEgQm\/FvGUgQ2lhxYJvIG9kIMWbcm9keSBkbyBwb25pZWR6aWHFgmt1LCB3YWthY2plIHN6a29sbmUsIGR3YSBkxYJ1Z2llIHdlZWtlbmR5IHcgbGlzdG9wYWR6aWUuPC9wPnckZjlkNzVkNmItZjI2OC00ZDI4LWJlMTktZGJmOTE3NjgxZGM4d7AGPHVsPgo8bGk+UG9ieXQgdyBuaXNraW0gc2V6b25pZSA5MCBwbG4gLyBkemllxYQ8L2xpPgo8bGk+UG9ieXQgdyB3eXNva2ltIHNlem9uaWUqIDEyMCBwbG4gLyBkemllxYQ8L2xpPgo8bGk+Qm\/FvGUgTmFyb2R6ZW5pZSBkbyBUcnplY2ggS3LDs2xpIDE0MCBwbG4gLyBkemllxYQ8L2xpPgo8bGk+UG9ieXQgZHfDs2NoIHBzw7N3IHogamVkbmVnbyBkb211IDEwJSByYWJhdHU8L2xpPgo8bGk+UG9ieXQgZHfDs2NoIHBzw7N3IHogamVkbmVnbyBkb211IHcgamVkbnltIGJva3NpZSAyMCUgcmFiYXR1PC9saT4KPGxpPlphYmV6cGllY3plbmllIHByemVkIGtsZXN6Y3phbWkgd2cgY2VueSBwcmVwYXJhdHU8L2xpPgo8bGk+V3nFvHl3aWVuaWUga2FybcSFIEJyaXQgQ2FyZSB3IGNlbmllIHBvYnl0dTwvbGk+CjxsaT5Eb3Jvc8WCeSBwaWVzIG5pZXV0cnp5bXVqxIVjeSBoaWdpZW55ICsgMzAgesWCIC8gZHppZcWEPC9saT4KPC91bD4KPHA+KiBUZXJtaW55IHd5c29raWVnbyBzZXpvbnUgdG8gZmVyaWUgemltb3dlIHcgd29qZXfDs2R6dHdpZSBNYXpvd2llY2tpbSwgxZt3acSZdGEgV2llbGthbm9jbmUsIG1hasOzd2thLCBkxYJ1Z2kgd2Vla2VuZCBuYSBCb8W8ZSBDaWHFgm8sIHdha2FjamUgc3prb2xuZSwgZHdhIGTFgnVnaWUgd2Vla2VuZHkgdyBsaXN0b3BhZHppZSBvcmF6LCBvc29ibm8gd3ljZW5pb255IG9rcmVzIG9kIFdpZ2lsaWkgcHJ6ZXogTm93eSBSb2sgZG8gxZt3acSZdGEgVHJ6ZWNoIEtyw7NsaS4gS29ua3JldG5lIHRlcm1pbnkgem5hamTEhSBQYcWEc3R3byB3IGthbGVuZGFyenUgbmEgcG9kc3Ryb25pZSBXYcW8bmU8L3A+AdqzkZQDBb0EFQklHRhFAAQA\",\"updateId\":924833741}","_regular_price":[],"currency_symbol":[],"footnotes":""},"class_list":["post-213","page","type-page","status-publish","hentry"],"post_slider_layout_featured_media_urls":{"thumbnail":"","post_slider_layout_landscape_large":"","post_slider_layout_portrait_large":"","post_slider_layout_square_large":"","post_slider_layout_landscape":"","post_slider_layout_portrait":"","post_slider_layout_square":"","full":""},"_links":{"self":[{"href":"https:\/\/doginn.pl\/index.php?rest_route=\/wp\/v2\/pages\/213","targetHints":{"allow":["GET"]}}],"collection":[{"href":"https:\/\/doginn.pl\/index.php?rest_route=\/wp\/v2\/pages"}],"about":[{"href":"https:\/\/doginn.pl\/index.php?rest_route=\/wp\/v2\/types\/page"}],"author":[{"embeddable":true,"href":"https:\/\/doginn.pl\/index.php?rest_route=\/wp\/v2\/users\/1"}],"replies":[{"embeddable":true,"href":"https:\/\/doginn.pl\/index.php?rest_route=%2Fwp%2Fv2%2Fcomments&post=213"}],"version-history":[{"count":7,"href":"https:\/\/doginn.pl\/index.php?rest_route=\/wp\/v2\/pages\/213\/revisions"}],"predecessor-version":[{"id":393,"href":"https:\/\/doginn.pl\/index.php?rest_route=\/wp\/v2\/pages\/213\/revisions\/393"}],"wp:attachment":[{"href":"https:\/\/doginn.pl\/index.php?rest_route=%2Fwp%2Fv2%2Fmedia&parent=213"}],"curies":[{"name":"wp","href":"https:\/\/api.w.org\/{rel}","templated":true}]}}